{"id":1168,"date":"2013-03-25T15:47:04","date_gmt":"2013-03-25T15:47:04","guid":{"rendered":"https:\/\/www.paganisnc.it\/?page_id=1168"},"modified":"2025-02-03T14:43:09","modified_gmt":"2025-02-03T14:43:09","slug":"contatti","status":"publish","type":"page","link":"https:\/\/www.paganisnc.it\/fr\/contatti\/","title":{"rendered":"Contacts"},"content":{"rendered":"<div class=\"wpb-content-wrapper\"><p>[vc_row css_animation=\u00a0\u00bb\u00a0\u00bb row_type=\u00a0\u00bbrow\u00a0\u00bb use_row_as_full_screen_section=\u00a0\u00bbyes\u00a0\u00bb type=\u00a0\u00bbfull_width\u00a0\u00bb angled_section=\u00a0\u00bbno\u00a0\u00bb text_align=\u00a0\u00bbleft\u00a0\u00bb background_image_as_pattern=\u00a0\u00bbwithout_pattern\u00a0\u00bb z_index=\u00a0\u00bb\u00a0\u00bb css=\u00a0\u00bb.vc_custom_1738592950246{margin-top: 30px !important;margin-bottom: 30px !important;}\u00a0\u00bb][vc_column][vc_column_text]<\/p>\n<div class=\"contact_section contact_section_position_center\">\n<h2 style=\"text-align: center;\">Comment nous trouver<\/h2>\n<div class=\"separator small center\"><\/div>\n<h4 style=\"text-align: center;\">Nous sommes \u00e0 Aymavilles \u00e0 quelques kilom\u00e8tres d&rsquo;Aoste<\/h4>\n<\/div>\n<p>[\/vc_column_text][vc_gmaps link=\u00a0\u00bb#E-8_JTNDaWZyYW1lJTIwc3JjJTNEJTIyaHR0cHMlM0ElMkYlMkZ3d3cuZ29vZ2xlLmNvbSUyRm1hcHMlMkZlbWJlZCUzRnBiJTNEJTIxMW0xOCUyMTFtMTIlMjExbTMlMjExZDI3ODYuNDg1NTc0NTIxMjYyJTIxMmQ3LjIzNDU1MDE3NjUwNTQ2NiUyMTNkNDUuNzAxMjk0NzIxMDc4NzclMjEybTMlMjExZjAlMjEyZjAlMjEzZjAlMjEzbTIlMjExaTEwMjQlMjEyaTc2OCUyMTRmMTMuMSUyMTNtMyUyMTFtMiUyMTFzMHg0Nzg5MjE4ODRiOTMwZTExJTI1M0EweGMxNzUxNWYwNmY2MzRjNjAlMjEyc0ZhbGVnbmFtZXJpYSUyNTIwUGFnYW5pJTIxNWUwJTIxM20yJTIxMXNpdCUyMTJzaXQlMjE0djE3Mzg1OTI4NTY2NDQlMjE1bTIlMjExc2l0JTIxMnNpdCUyMiUyMHdpZHRoJTNEJTIyMTAwJTI1JTIyJTIwaGVpZ2h0JTNEJTIyNTUwJTIyJTIwc3R5bGUlM0QlMjJib3JkZXIlM0EwJTNCJTIyJTIwYWxsb3dmdWxsc2NyZWVuJTNEJTIyJTIyJTIwbG9hZGluZyUzRCUyMmxhenklMjIlMjByZWZlcnJlcnBvbGljeSUzRCUyMm5vLXJlZmVycmVyLXdoZW4tZG93bmdyYWRlJTIyJTNFJTNDJTJGaWZyYW1lJTNF\u00a0\u00bb][\/vc_column][\/vc_row][vc_row css_animation=\u00a0\u00bb\u00a0\u00bb row_type=\u00a0\u00bbrow\u00a0\u00bb use_row_as_full_screen_section=\u00a0\u00bbno\u00a0\u00bb type=\u00a0\u00bbfull_width\u00a0\u00bb angled_section=\u00a0\u00bbno\u00a0\u00bb text_align=\u00a0\u00bbleft\u00a0\u00bb background_image_as_pattern=\u00a0\u00bbwithout_pattern\u00a0\u00bb css=\u00a0\u00bb.vc_custom_1462539135982{margin-bottom: 22px !important;}\u00a0\u00bb][vc_column width=\u00a0\u00bb1\/2&Prime;][vc_single_image image=\u00a0\u00bb1426&Prime; img_size=\u00a0\u00bbfull\u00a0\u00bb qode_css_animation=\u00a0\u00bb\u00a0\u00bb][vc_separator type=\u00a0\u00bbnormal\u00a0\u00bb up=\u00a0\u00bb12&Prime; down=\u00a0\u00bb12&Prime;][\/vc_column][vc_column width=\u00a0\u00bb1\/2&Prime;][vc_column_text]&nbsp;<\/p>\n<p>&nbsp;<\/p>\n<p>Nos donn\u00e9es:<\/p>\n<h5>Falegnameria Pagani Angelo di Pagani Antonio &amp; C. S.n.c.<\/h5>\n<p>Fraz. des Moulins, 26<\/p>\n<p>11010 AYMAVILLES (AO)<\/p>\n<p>Tel. 0165 90.21.22 &#8211; Fax 0165 90.22.28<\/p>\n<p>E-mail: <a href=\"mailto:fal.pagani@tin.it\">fal.pagani@tin.it<\/a> &#8211; <a href=\"mailto:info@paganisnc.it\">info@paganisnc.it<\/a><\/p>\n<p>Pec: <a href=\"mailto:falegnameriapaganisnc@pec.it\">falegnameriapaganisnc@pec.it<\/a>[\/vc_column_text][\/vc_column][\/vc_row][vc_row css_animation=\u00a0\u00bb\u00a0\u00bb row_type=\u00a0\u00bbrow\u00a0\u00bb use_row_as_full_screen_section=\u00a0\u00bbno\u00a0\u00bb type=\u00a0\u00bbfull_width\u00a0\u00bb angled_section=\u00a0\u00bbno\u00a0\u00bb text_align=\u00a0\u00bbleft\u00a0\u00bb background_image_as_pattern=\u00a0\u00bbwithout_pattern\u00a0\u00bb][vc_column][vc_empty_space height=\u00a0\u00bb42px\u00a0\u00bb][\/vc_column][\/vc_row]<\/p>\n<\/div>","protected":false},"excerpt":{"rendered":"<p>[vc_row css_animation=\u00a0\u00bb\u00a0\u00bb row_type=\u00a0\u00bbrow\u00a0\u00bb use_row_as_full_screen_section=\u00a0\u00bbyes\u00a0\u00bb type=\u00a0\u00bbfull_width\u00a0\u00bb angled_section=\u00a0\u00bbno\u00a0\u00bb text_align=\u00a0\u00bbleft\u00a0\u00bb background_image_as_pattern=\u00a0\u00bbwithout_pattern\u00a0\u00bb z_index=\u00a0\u00bb\u00a0\u00bb css=\u00a0\u00bb.vc_custom_1738592950246{margin-top:&#8230;<\/p>\n","protected":false},"author":1,"featured_media":0,"parent":0,"menu_order":0,"comment_status":"closed","ping_status":"closed","template":"full_width.php","meta":{"footnotes":""},"class_list":["post-1168","page","type-page","status-publish","hentry"],"yoast_head":"<!-- This site is optimized with the Yoast SEO plugin v27.5 - https:\/\/yoast.com\/product\/yoast-seo-wordpress\/ -->\n<title>Contacts | Pagani Falegnameria srl<\/title>\n<meta name=\"description\" content=\"Pagani est situ\u00e9 \u00e0 Aymavilles, Aoste\" \/>\n<meta name=\"robots\" content=\"index, follow, max-snippet:-1, max-image-preview:large, max-video-preview:-1\" \/>\n<link rel=\"canonical\" href=\"https:\/\/www.paganisnc.it\/contatti\/\" \/>\n<meta property=\"og:locale\" content=\"fr_FR\" \/>\n<meta property=\"og:type\" content=\"article\" \/>\n<meta property=\"og:title\" content=\"Contacts | Pagani Falegnameria srl\" \/>\n<meta property=\"og:description\" content=\"Pagani est situ\u00e9 \u00e0 Aymavilles, Aoste\" \/>\n<meta property=\"og:url\" content=\"https:\/\/www.paganisnc.it\/contatti\/\" \/>\n<meta property=\"og:site_name\" content=\"Pagani Falegnameria srl\" \/>\n<meta property=\"article:publisher\" content=\"https:\/\/www.instagram\/falegnameria_pagani\" \/>\n<meta property=\"article:modified_time\" content=\"2025-02-03T14:43:09+00:00\" \/>\n<meta name=\"twitter:card\" content=\"summary_large_image\" \/>\n<meta name=\"twitter:label1\" content=\"Dur\u00e9e de lecture estim\u00e9e\" \/>\n\t<meta name=\"twitter:data1\" content=\"1 minute\" \/>\n<script type=\"application\/ld+json\" class=\"yoast-schema-graph\">{\"@context\":\"https:\\\/\\\/schema.org\",\"@graph\":[{\"@type\":\"WebPage\",\"@id\":\"https:\\\/\\\/www.paganisnc.it\\\/contatti\\\/\",\"url\":\"https:\\\/\\\/www.paganisnc.it\\\/contatti\\\/\",\"name\":\"Contacts | Pagani Falegnameria srl\",\"isPartOf\":{\"@id\":\"https:\\\/\\\/www.paganisnc.it\\\/#website\"},\"datePublished\":\"2013-03-25T15:47:04+00:00\",\"dateModified\":\"2025-02-03T14:43:09+00:00\",\"description\":\"Pagani est situ\u00e9 \u00e0 Aymavilles, Aoste\",\"breadcrumb\":{\"@id\":\"https:\\\/\\\/www.paganisnc.it\\\/contatti\\\/#breadcrumb\"},\"inLanguage\":\"fr-FR\",\"potentialAction\":[{\"@type\":\"ReadAction\",\"target\":[\"https:\\\/\\\/www.paganisnc.it\\\/contatti\\\/\"]}]},{\"@type\":\"BreadcrumbList\",\"@id\":\"https:\\\/\\\/www.paganisnc.it\\\/contatti\\\/#breadcrumb\",\"itemListElement\":[{\"@type\":\"ListItem\",\"position\":1,\"name\":\"Home\",\"item\":\"https:\\\/\\\/www.paganisnc.it\\\/fr\\\/\"},{\"@type\":\"ListItem\",\"position\":2,\"name\":\"Contacts\"}]},{\"@type\":\"WebSite\",\"@id\":\"https:\\\/\\\/www.paganisnc.it\\\/#website\",\"url\":\"https:\\\/\\\/www.paganisnc.it\\\/\",\"name\":\"Pagani Falegnameria - Aymavilles Aosta\",\"description\":\"La Qualit\u00e9 et la Passion pour le Bois\",\"publisher\":{\"@id\":\"https:\\\/\\\/www.paganisnc.it\\\/#organization\"},\"potentialAction\":[{\"@type\":\"SearchAction\",\"target\":{\"@type\":\"EntryPoint\",\"urlTemplate\":\"https:\\\/\\\/www.paganisnc.it\\\/?s={search_term_string}\"},\"query-input\":{\"@type\":\"PropertyValueSpecification\",\"valueRequired\":true,\"valueName\":\"search_term_string\"}}],\"inLanguage\":\"fr-FR\"},{\"@type\":\"Organization\",\"@id\":\"https:\\\/\\\/www.paganisnc.it\\\/#organization\",\"name\":\"Falegnameria Pagani\",\"url\":\"https:\\\/\\\/www.paganisnc.it\\\/\",\"logo\":{\"@type\":\"ImageObject\",\"inLanguage\":\"fr-FR\",\"@id\":\"https:\\\/\\\/www.paganisnc.it\\\/#\\\/schema\\\/logo\\\/image\\\/\",\"url\":\"https:\\\/\\\/www.paganisnc.it\\\/wp-content\\\/uploads\\\/2016\\\/05\\\/Pagani-logo.png\",\"contentUrl\":\"https:\\\/\\\/www.paganisnc.it\\\/wp-content\\\/uploads\\\/2016\\\/05\\\/Pagani-logo.png\",\"width\":206,\"height\":82,\"caption\":\"Falegnameria Pagani\"},\"image\":{\"@id\":\"https:\\\/\\\/www.paganisnc.it\\\/#\\\/schema\\\/logo\\\/image\\\/\"},\"sameAs\":[\"https:\\\/\\\/www.instagram\\\/falegnameria_pagani\"]}]}<\/script>\n<!-- \/ Yoast SEO plugin. -->","yoast_head_json":{"title":"Contacts | Pagani Falegnameria srl","description":"Pagani est situ\u00e9 \u00e0 Aymavilles, Aoste","robots":{"index":"index","follow":"follow","max-snippet":"max-snippet:-1","max-image-preview":"max-image-preview:large","max-video-preview":"max-video-preview:-1"},"canonical":"https:\/\/www.paganisnc.it\/contatti\/","og_locale":"fr_FR","og_type":"article","og_title":"Contacts | Pagani Falegnameria srl","og_description":"Pagani est situ\u00e9 \u00e0 Aymavilles, Aoste","og_url":"https:\/\/www.paganisnc.it\/contatti\/","og_site_name":"Pagani Falegnameria srl","article_publisher":"https:\/\/www.instagram\/falegnameria_pagani","article_modified_time":"2025-02-03T14:43:09+00:00","twitter_card":"summary_large_image","twitter_misc":{"Dur\u00e9e de lecture estim\u00e9e":"1 minute"},"schema":{"@context":"https:\/\/schema.org","@graph":[{"@type":"WebPage","@id":"https:\/\/www.paganisnc.it\/contatti\/","url":"https:\/\/www.paganisnc.it\/contatti\/","name":"Contacts | Pagani Falegnameria srl","isPartOf":{"@id":"https:\/\/www.paganisnc.it\/#website"},"datePublished":"2013-03-25T15:47:04+00:00","dateModified":"2025-02-03T14:43:09+00:00","description":"Pagani est situ\u00e9 \u00e0 Aymavilles, Aoste","breadcrumb":{"@id":"https:\/\/www.paganisnc.it\/contatti\/#breadcrumb"},"inLanguage":"fr-FR","potentialAction":[{"@type":"ReadAction","target":["https:\/\/www.paganisnc.it\/contatti\/"]}]},{"@type":"BreadcrumbList","@id":"https:\/\/www.paganisnc.it\/contatti\/#breadcrumb","itemListElement":[{"@type":"ListItem","position":1,"name":"Home","item":"https:\/\/www.paganisnc.it\/fr\/"},{"@type":"ListItem","position":2,"name":"Contacts"}]},{"@type":"WebSite","@id":"https:\/\/www.paganisnc.it\/#website","url":"https:\/\/www.paganisnc.it\/","name":"Pagani Falegnameria - Aymavilles Aosta","description":"La Qualit\u00e9 et la Passion pour le Bois","publisher":{"@id":"https:\/\/www.paganisnc.it\/#organization"},"potentialAction":[{"@type":"SearchAction","target":{"@type":"EntryPoint","urlTemplate":"https:\/\/www.paganisnc.it\/?s={search_term_string}"},"query-input":{"@type":"PropertyValueSpecification","valueRequired":true,"valueName":"search_term_string"}}],"inLanguage":"fr-FR"},{"@type":"Organization","@id":"https:\/\/www.paganisnc.it\/#organization","name":"Falegnameria Pagani","url":"https:\/\/www.paganisnc.it\/","logo":{"@type":"ImageObject","inLanguage":"fr-FR","@id":"https:\/\/www.paganisnc.it\/#\/schema\/logo\/image\/","url":"https:\/\/www.paganisnc.it\/wp-content\/uploads\/2016\/05\/Pagani-logo.png","contentUrl":"https:\/\/www.paganisnc.it\/wp-content\/uploads\/2016\/05\/Pagani-logo.png","width":206,"height":82,"caption":"Falegnameria Pagani"},"image":{"@id":"https:\/\/www.paganisnc.it\/#\/schema\/logo\/image\/"},"sameAs":["https:\/\/www.instagram\/falegnameria_pagani"]}]}},"_links":{"self":[{"href":"https:\/\/www.paganisnc.it\/fr\/wp-json\/wp\/v2\/pages\/1168","targetHints":{"allow":["GET"]}}],"collection":[{"href":"https:\/\/www.paganisnc.it\/fr\/wp-json\/wp\/v2\/pages"}],"about":[{"href":"https:\/\/www.paganisnc.it\/fr\/wp-json\/wp\/v2\/types\/page"}],"author":[{"embeddable":true,"href":"https:\/\/www.paganisnc.it\/fr\/wp-json\/wp\/v2\/users\/1"}],"replies":[{"embeddable":true,"href":"https:\/\/www.paganisnc.it\/fr\/wp-json\/wp\/v2\/comments?post=1168"}],"version-history":[{"count":0,"href":"https:\/\/www.paganisnc.it\/fr\/wp-json\/wp\/v2\/pages\/1168\/revisions"}],"wp:attachment":[{"href":"https:\/\/www.paganisnc.it\/fr\/wp-json\/wp\/v2\/media?parent=1168"}],"curies":[{"name":"wp","href":"https:\/\/api.w.org\/{rel}","templated":true}]}}