{"id":1166,"date":"2013-03-25T13:20:27","date_gmt":"2013-03-25T13:20:27","guid":{"rendered":"https:\/\/www.paganisnc.it\/?page_id=1166"},"modified":"2025-02-05T08:53:05","modified_gmt":"2025-02-05T08:53:05","slug":"chi-siamo","status":"publish","type":"page","link":"https:\/\/www.paganisnc.it\/fr\/chi-siamo\/","title":{"rendered":"A propos de nous"},"content":{"rendered":"<div class=\"wpb-content-wrapper\"><p>[vc_row css_animation=\u00a0\u00bb\u00a0\u00bb row_type=\u00a0\u00bbrow\u00a0\u00bb use_row_as_full_screen_section=\u00a0\u00bbno\u00a0\u00bb type=\u00a0\u00bbfull_width\u00a0\u00bb angled_section=\u00a0\u00bbno\u00a0\u00bb text_align=\u00a0\u00bbleft\u00a0\u00bb background_image_as_pattern=\u00a0\u00bbwithout_pattern\u00a0\u00bb][vc_column][vc_column_text]<\/p>\n<h1 style=\"text-align: center;\">La Menuiserie Pagani<\/h1>\n<h2 style=\"text-align: center;\">est de 55 ans synonyme de qualit\u00e9 et d\u2019attention dans son travail.<\/h2>\n<p>[\/vc_column_text][vc_separator type=\u00a0\u00bbnormal\u00a0\u00bb up=\u00a0\u00bb20&Prime; down=\u00a0\u00bb20&Prime;][\/vc_column][\/vc_row][vc_row css_animation=\u00a0\u00bb\u00a0\u00bb row_type=\u00a0\u00bbrow\u00a0\u00bb use_row_as_full_screen_section=\u00a0\u00bbno\u00a0\u00bb type=\u00a0\u00bbfull_width\u00a0\u00bb angled_section=\u00a0\u00bbno\u00a0\u00bb text_align=\u00a0\u00bbleft\u00a0\u00bb background_image_as_pattern=\u00a0\u00bbwithout_pattern\u00a0\u00bb][vc_column width=\u00a0\u00bb1\/2&Prime;][vc_gallery interval=\u00a0\u00bb5&Prime; images=\u00a0\u00bb1427,1424,1420,1428,1426&Prime; img_size=\u00a0\u00bb350&#215;400&Prime; direction_nav=\u00a0\u00bbyes\u00a0\u00bb control_nav=\u00a0\u00bbyes\u00a0\u00bb pause_on_hover=\u00a0\u00bbyes\u00a0\u00bb][\/vc_column][vc_column width=\u00a0\u00bb1\/2&Prime;][vc_column_text css=\u00a0\u00bb.vc_custom_1575370161491{margin-top: 20px !important;margin-bottom: 30px !important;}\u00a0\u00bb]Dans ce site, vous trouverez quelques r\u00e9alisation de notre menuiserie, notre exp\u00e9rience et notre savoir-faire nous permettent de faire face \u00e0 votre demande quelque qu\u2019elle soit. Dans chaque travail nous mettons soin et passion.<br \/>\nC\u2019est ce qui nous a toujours distingu\u00e9s. Savoir comment offrir des conseils aux clients du project \u00e0 la mise en \u0153uvre pour obtenir des produits pratiques, \u00e9l\u00e9gants et surtout magnifiques.<br \/>\nLa Menuiserie Pagani, depuis 1970, c\u2019est actuellement \u00e0 la troisi\u00e8me g\u00e9n\u00e9ration. Elle est synonyme de qualit\u00e9 et d\u2019attention dans son travail. Dans ce site, vous trouverez quelques r\u00e9alisations de notre \u00e9tablissement. Ce que nous ne pouvons pas vous faire voir est l\u2019amour du travail que nous mettons dans chaque production, du projet \u00e0 la mise en \u0153uvre.<br \/>\nChaque \u00e9tape de la fabrication d\u2019un meuble, d\u2019une fen\u00eatre, d\u2019une porte ou de tous vos besoins constructifs, est suivi minutieusement et avec la plus grande pr\u00e9cision, combin\u00e9 avec le contr\u00f4le qualit\u00e9 de gestion UNI En ISO 9001:2015 dont on est certifi\u00e9s.<br \/>\nEn outre, notre soci\u00e9t\u00e9 est qualifi\u00e9e pour l\u2019installation avec \u201cposaclima\u201d.[\/vc_column_text][\/vc_column][\/vc_row][vc_row css_animation=\u00a0\u00bb\u00a0\u00bb row_type=\u00a0\u00bbrow\u00a0\u00bb use_row_as_full_screen_section=\u00a0\u00bbno\u00a0\u00bb type=\u00a0\u00bbfull_width\u00a0\u00bb angled_section=\u00a0\u00bbno\u00a0\u00bb text_align=\u00a0\u00bbleft\u00a0\u00bb background_image_as_pattern=\u00a0\u00bbwithout_pattern\u00a0\u00bb][vc_column][vc_column_text]<\/p>\n<h3>Voici un r\u00e9sum\u00e9 de notre soci\u00e9t\u00e9.<\/h3>\n<p>Menuiserie Pagani est pr\u00eate \u00e0 r\u00e9pondre \u00e0 tous vos besoins avec enthousiasme, pour Vous fournir les meilleurs produits aux meilleures conditions.[\/vc_column_text][\/vc_column][\/vc_row][vc_row css_animation=\u00a0\u00bbelement_from_right\u00a0\u00bb row_type=\u00a0\u00bbrow\u00a0\u00bb use_row_as_full_screen_section=\u00a0\u00bbno\u00a0\u00bb type=\u00a0\u00bbgrid\u00a0\u00bb angled_section=\u00a0\u00bbno\u00a0\u00bb text_align=\u00a0\u00bbcenter\u00a0\u00bb background_image_as_pattern=\u00a0\u00bbwithout_pattern\u00a0\u00bb padding_top=\u00a0\u00bb20&Prime; padding_bottom=\u00a0\u00bb20&Prime; transition_delay=\u00a0\u00bb500&Prime;][vc_column width=\u00a0\u00bb1\/4&Prime;]<span data-type=\"normal\" data-hover-icon-color=\"#ffffff\" class=\"qode_icon_shortcode  q_font_awsome_icon fa-4x  \" style=\" \"><span aria-hidden=\"true\" class=\"qode_icon_font_elegant icon_house qode_icon_element\" style=\"color: #ffffff;\" ><\/span><\/span>[vc_column_text]<\/p>\n<h3>55 ans d&rsquo;exp\u00e9rience<\/h3>\n<p>Pagani fabrique des produits en bois des 1970.[\/vc_column_text][\/vc_column][vc_column width=\u00a0\u00bb1\/4&Prime;]<span data-type=\"normal\" data-hover-icon-color=\"#ffffff\" class=\"qode_icon_shortcode  q_font_awsome_icon fa-4x  \" style=\" \"><span aria-hidden=\"true\" class=\"qode_icon_font_elegant icon_pencil-edit qode_icon_element\" style=\"color: #ffffff;\" ><\/span><\/span>[vc_column_text]<\/p>\n<h3>Tout sur mesure<\/h3>\n<p>tout est fabriqu\u00e9 et assembl\u00e9 dans notre usine \u00e0 Aymavilles.[\/vc_column_text][\/vc_column][vc_column width=\u00a0\u00bb1\/4&Prime;]<span data-type=\"normal\" data-hover-icon-color=\"#ffffff\" class=\"qode_icon_shortcode  q_font_awsome_icon fa-4x  \" style=\" \"><span aria-hidden=\"true\" class=\"qode_icon_font_elegant icon_toolbox qode_icon_element\" style=\"color: #ffffff;\" ><\/span><\/span>[vc_column_text]<\/p>\n<h3>Installation du service sur place<\/h3>\n<p>Nous livrons et installons en Italie, France et Suisse.[\/vc_column_text][\/vc_column][vc_column width=\u00a0\u00bb1\/4&Prime;]<span data-type=\"normal\" data-hover-icon-color=\"#ffffff\" class=\"qode_icon_shortcode  q_font_awsome_icon fa-4x  \" style=\" \"><span aria-hidden=\"true\" class=\"qode_icon_font_elegant icon_phone qode_icon_element\" style=\"color: #ffffff;\" ><\/span><\/span>[vc_column_text]<\/p>\n<h3>Assistance<\/h3>\n<p>n\u2019h\u00e9sitez pas \u00e0 nous contacter pour toutes questions relatives \u00e0 nos produits.[\/vc_column_text][\/vc_column][\/vc_row][vc_row css_animation=\u00a0\u00bb\u00a0\u00bb row_type=\u00a0\u00bbrow\u00a0\u00bb use_row_as_full_screen_section=\u00a0\u00bbno\u00a0\u00bb type=\u00a0\u00bbfull_width\u00a0\u00bb angled_section=\u00a0\u00bbno\u00a0\u00bb text_align=\u00a0\u00bbleft\u00a0\u00bb background_image_as_pattern=\u00a0\u00bbwithout_pattern\u00a0\u00bb][vc_column][vc_separator type=\u00a0\u00bbnormal\u00a0\u00bb thickness=\u00a0\u00bb1&Prime; down=\u00a0\u00bb30&Prime;][\/vc_column][\/vc_row]<\/p>\n<\/div>","protected":false},"excerpt":{"rendered":"<p>[vc_row css_animation=\u00a0\u00bb\u00a0\u00bb row_type=\u00a0\u00bbrow\u00a0\u00bb use_row_as_full_screen_section=\u00a0\u00bbno\u00a0\u00bb type=\u00a0\u00bbfull_width\u00a0\u00bb angled_section=\u00a0\u00bbno\u00a0\u00bb text_align=\u00a0\u00bbleft\u00a0\u00bb background_image_as_pattern=\u00a0\u00bbwithout_pattern\u00a0\u00bb][vc_column][vc_column_text] La Menuiserie&#8230;<\/p>\n","protected":false},"author":1,"featured_media":0,"parent":0,"menu_order":0,"comment_status":"closed","ping_status":"closed","template":"","meta":{"footnotes":""},"class_list":["post-1166","page","type-page","status-publish","hentry"],"yoast_head":"<!-- This site is optimized with the Yoast SEO plugin v27.3 - https:\/\/yoast.com\/product\/yoast-seo-wordpress\/ -->\n<title>A propos de nous | Pagani Falegnameria | bois v\u00e9ritable fabriqu\u00e9 sur mesure<\/title>\n<meta name=\"description\" content=\"Menuiserie Pagani - fabrication sur mesure en bois v\u00e9ritable\" \/>\n<meta name=\"robots\" content=\"index, follow, max-snippet:-1, max-image-preview:large, max-video-preview:-1\" \/>\n<link rel=\"canonical\" href=\"https:\/\/www.paganisnc.it\/chi-siamo\/\" \/>\n<meta property=\"og:locale\" content=\"fr_FR\" \/>\n<meta property=\"og:type\" content=\"article\" \/>\n<meta property=\"og:title\" content=\"A propos de nous | Pagani Falegnameria | bois v\u00e9ritable fabriqu\u00e9 sur mesure\" \/>\n<meta property=\"og:description\" content=\"Menuiserie Pagani - fabrication sur mesure en bois v\u00e9ritable\" \/>\n<meta property=\"og:url\" content=\"https:\/\/www.paganisnc.it\/chi-siamo\/\" \/>\n<meta property=\"og:site_name\" content=\"Pagani Falegnameria\" \/>\n<meta property=\"article:publisher\" content=\"https:\/\/www.instagram\/falegnameria_pagani\" \/>\n<meta property=\"article:modified_time\" content=\"2025-02-05T08:53:05+00:00\" \/>\n<meta name=\"twitter:card\" content=\"summary_large_image\" \/>\n<meta name=\"twitter:label1\" content=\"Dur\u00e9e de lecture estim\u00e9e\" \/>\n\t<meta name=\"twitter:data1\" content=\"3 minutes\" \/>\n<script type=\"application\/ld+json\" class=\"yoast-schema-graph\">{\"@context\":\"https:\\\/\\\/schema.org\",\"@graph\":[{\"@type\":\"WebPage\",\"@id\":\"https:\\\/\\\/www.paganisnc.it\\\/chi-siamo\\\/\",\"url\":\"https:\\\/\\\/www.paganisnc.it\\\/chi-siamo\\\/\",\"name\":\"A propos de nous | Pagani Falegnameria | bois v\u00e9ritable fabriqu\u00e9 sur mesure\",\"isPartOf\":{\"@id\":\"https:\\\/\\\/www.paganisnc.it\\\/#website\"},\"datePublished\":\"2013-03-25T13:20:27+00:00\",\"dateModified\":\"2025-02-05T08:53:05+00:00\",\"description\":\"Menuiserie Pagani - fabrication sur mesure en bois v\u00e9ritable\",\"breadcrumb\":{\"@id\":\"https:\\\/\\\/www.paganisnc.it\\\/chi-siamo\\\/#breadcrumb\"},\"inLanguage\":\"fr-FR\",\"potentialAction\":[{\"@type\":\"ReadAction\",\"target\":[\"https:\\\/\\\/www.paganisnc.it\\\/chi-siamo\\\/\"]}]},{\"@type\":\"BreadcrumbList\",\"@id\":\"https:\\\/\\\/www.paganisnc.it\\\/chi-siamo\\\/#breadcrumb\",\"itemListElement\":[{\"@type\":\"ListItem\",\"position\":1,\"name\":\"Home\",\"item\":\"https:\\\/\\\/www.paganisnc.it\\\/fr\\\/\"},{\"@type\":\"ListItem\",\"position\":2,\"name\":\"A propos de nous\"}]},{\"@type\":\"WebSite\",\"@id\":\"https:\\\/\\\/www.paganisnc.it\\\/#website\",\"url\":\"https:\\\/\\\/www.paganisnc.it\\\/\",\"name\":\"Pagani Falegnameria - Aymavilles Aosta\",\"description\":\"La Qualit\u00e9 et la Passion pour le Bois\",\"publisher\":{\"@id\":\"https:\\\/\\\/www.paganisnc.it\\\/#organization\"},\"potentialAction\":[{\"@type\":\"SearchAction\",\"target\":{\"@type\":\"EntryPoint\",\"urlTemplate\":\"https:\\\/\\\/www.paganisnc.it\\\/?s={search_term_string}\"},\"query-input\":{\"@type\":\"PropertyValueSpecification\",\"valueRequired\":true,\"valueName\":\"search_term_string\"}}],\"inLanguage\":\"fr-FR\"},{\"@type\":\"Organization\",\"@id\":\"https:\\\/\\\/www.paganisnc.it\\\/#organization\",\"name\":\"Falegnameria Pagani\",\"url\":\"https:\\\/\\\/www.paganisnc.it\\\/\",\"logo\":{\"@type\":\"ImageObject\",\"inLanguage\":\"fr-FR\",\"@id\":\"https:\\\/\\\/www.paganisnc.it\\\/#\\\/schema\\\/logo\\\/image\\\/\",\"url\":\"https:\\\/\\\/www.paganisnc.it\\\/wp-content\\\/uploads\\\/2016\\\/05\\\/Pagani-logo.png\",\"contentUrl\":\"https:\\\/\\\/www.paganisnc.it\\\/wp-content\\\/uploads\\\/2016\\\/05\\\/Pagani-logo.png\",\"width\":206,\"height\":82,\"caption\":\"Falegnameria Pagani\"},\"image\":{\"@id\":\"https:\\\/\\\/www.paganisnc.it\\\/#\\\/schema\\\/logo\\\/image\\\/\"},\"sameAs\":[\"https:\\\/\\\/www.instagram\\\/falegnameria_pagani\"]}]}<\/script>\n<!-- \/ Yoast SEO plugin. -->","yoast_head_json":{"title":"A propos de nous | Pagani Falegnameria | bois v\u00e9ritable fabriqu\u00e9 sur mesure","description":"Menuiserie Pagani - fabrication sur mesure en bois v\u00e9ritable","robots":{"index":"index","follow":"follow","max-snippet":"max-snippet:-1","max-image-preview":"max-image-preview:large","max-video-preview":"max-video-preview:-1"},"canonical":"https:\/\/www.paganisnc.it\/chi-siamo\/","og_locale":"fr_FR","og_type":"article","og_title":"A propos de nous | Pagani Falegnameria | bois v\u00e9ritable fabriqu\u00e9 sur mesure","og_description":"Menuiserie Pagani - fabrication sur mesure en bois v\u00e9ritable","og_url":"https:\/\/www.paganisnc.it\/chi-siamo\/","og_site_name":"Pagani Falegnameria","article_publisher":"https:\/\/www.instagram\/falegnameria_pagani","article_modified_time":"2025-02-05T08:53:05+00:00","twitter_card":"summary_large_image","twitter_misc":{"Dur\u00e9e de lecture estim\u00e9e":"3 minutes"},"schema":{"@context":"https:\/\/schema.org","@graph":[{"@type":"WebPage","@id":"https:\/\/www.paganisnc.it\/chi-siamo\/","url":"https:\/\/www.paganisnc.it\/chi-siamo\/","name":"A propos de nous | Pagani Falegnameria | bois v\u00e9ritable fabriqu\u00e9 sur mesure","isPartOf":{"@id":"https:\/\/www.paganisnc.it\/#website"},"datePublished":"2013-03-25T13:20:27+00:00","dateModified":"2025-02-05T08:53:05+00:00","description":"Menuiserie Pagani - fabrication sur mesure en bois v\u00e9ritable","breadcrumb":{"@id":"https:\/\/www.paganisnc.it\/chi-siamo\/#breadcrumb"},"inLanguage":"fr-FR","potentialAction":[{"@type":"ReadAction","target":["https:\/\/www.paganisnc.it\/chi-siamo\/"]}]},{"@type":"BreadcrumbList","@id":"https:\/\/www.paganisnc.it\/chi-siamo\/#breadcrumb","itemListElement":[{"@type":"ListItem","position":1,"name":"Home","item":"https:\/\/www.paganisnc.it\/fr\/"},{"@type":"ListItem","position":2,"name":"A propos de nous"}]},{"@type":"WebSite","@id":"https:\/\/www.paganisnc.it\/#website","url":"https:\/\/www.paganisnc.it\/","name":"Pagani Falegnameria - Aymavilles Aosta","description":"La Qualit\u00e9 et la Passion pour le Bois","publisher":{"@id":"https:\/\/www.paganisnc.it\/#organization"},"potentialAction":[{"@type":"SearchAction","target":{"@type":"EntryPoint","urlTemplate":"https:\/\/www.paganisnc.it\/?s={search_term_string}"},"query-input":{"@type":"PropertyValueSpecification","valueRequired":true,"valueName":"search_term_string"}}],"inLanguage":"fr-FR"},{"@type":"Organization","@id":"https:\/\/www.paganisnc.it\/#organization","name":"Falegnameria Pagani","url":"https:\/\/www.paganisnc.it\/","logo":{"@type":"ImageObject","inLanguage":"fr-FR","@id":"https:\/\/www.paganisnc.it\/#\/schema\/logo\/image\/","url":"https:\/\/www.paganisnc.it\/wp-content\/uploads\/2016\/05\/Pagani-logo.png","contentUrl":"https:\/\/www.paganisnc.it\/wp-content\/uploads\/2016\/05\/Pagani-logo.png","width":206,"height":82,"caption":"Falegnameria Pagani"},"image":{"@id":"https:\/\/www.paganisnc.it\/#\/schema\/logo\/image\/"},"sameAs":["https:\/\/www.instagram\/falegnameria_pagani"]}]}},"_links":{"self":[{"href":"https:\/\/www.paganisnc.it\/fr\/wp-json\/wp\/v2\/pages\/1166","targetHints":{"allow":["GET"]}}],"collection":[{"href":"https:\/\/www.paganisnc.it\/fr\/wp-json\/wp\/v2\/pages"}],"about":[{"href":"https:\/\/www.paganisnc.it\/fr\/wp-json\/wp\/v2\/types\/page"}],"author":[{"embeddable":true,"href":"https:\/\/www.paganisnc.it\/fr\/wp-json\/wp\/v2\/users\/1"}],"replies":[{"embeddable":true,"href":"https:\/\/www.paganisnc.it\/fr\/wp-json\/wp\/v2\/comments?post=1166"}],"version-history":[{"count":0,"href":"https:\/\/www.paganisnc.it\/fr\/wp-json\/wp\/v2\/pages\/1166\/revisions"}],"wp:attachment":[{"href":"https:\/\/www.paganisnc.it\/fr\/wp-json\/wp\/v2\/media?parent=1166"}],"curies":[{"name":"wp","href":"https:\/\/api.w.org\/{rel}","templated":true}]}}