{"id":1164,"date":"2015-06-26T13:36:06","date_gmt":"2015-06-26T13:36:06","guid":{"rendered":"https:\/\/www.paganisnc.it\/?page_id=1164"},"modified":"2025-02-06T08:19:32","modified_gmt":"2025-02-06T08:19:32","slug":"certificazioni","status":"publish","type":"page","link":"https:\/\/www.paganisnc.it\/fr\/certificazioni\/","title":{"rendered":"Certifications"},"content":{"rendered":"<div class=\"wpb-content-wrapper\"><p>[vc_row css_animation=\u00a0\u00bb\u00a0\u00bb row_type=\u00a0\u00bbrow\u00a0\u00bb use_row_as_full_screen_section=\u00a0\u00bbno\u00a0\u00bb type=\u00a0\u00bbfull_width\u00a0\u00bb angled_section=\u00a0\u00bbno\u00a0\u00bb text_align=\u00a0\u00bbleft\u00a0\u00bb background_image_as_pattern=\u00a0\u00bbwithout_pattern\u00a0\u00bb][vc_column width=\u00a0\u00bb1\/2&Prime;][vc_column_text css=\u00a0\u00bb.vc_custom_1738745365755{margin-bottom: 120px !important;}\u00a0\u00bb]Chez Falegnameria PAGANI, chaque phase de la cr\u00e9ation d&rsquo;un meuble, d&rsquo;une fen\u00eatre ou d&rsquo;une porte, ou de toute autre exigence de construction est suivie avec amour artisanal et une pr\u00e9cision maximale. Cette attention, associ\u00e9e au Contr\u00f4le Qualit\u00e9 selon les normes UNI EN ISO 9001:2015, rend chaque produit Pagani unique.<\/p>\n<p>&nbsp;<\/p>\n<p><a href=\"\/wp-content\/uploads\/2025\/02\/Certificato-ISO-9001-2015.pdf\" target=\"_blank\" rel=\"noopener\"><img loading=\"lazy\" decoding=\"async\" class=\"alignleft wp-image-1779\" src=\"https:\/\/www.paganisnc.it\/wp-content\/uploads\/2025\/02\/Nuovo-logo-Globe.png\" alt=\"\" width=\"135\" height=\"150\" \/><\/a>Entreprise certifi\u00e9e avec syst\u00e8me de qualit\u00e9 UNI EN ISO 9001:2015<\/p>\n<p>Certifi\u00e9e N. 1274 QM<\/p>\n<p>du 7\/05\/2024[\/vc_column_text][\/vc_column][vc_column width=\u00a0\u00bb1\/2&Prime;][vc_single_image image=\u00a0\u00bb1787&Prime; img_size=\u00a0\u00bb300&#215;425&Prime; alignment=\u00a0\u00bbcenter\u00a0\u00bb style=\u00a0\u00bbvc_box_rounded\u00a0\u00bb onclick=\u00a0\u00bbimg_link_large\u00a0\u00bb img_link_target=\u00a0\u00bb_blank\u00a0\u00bb qode_css_animation=\u00a0\u00bbelement_from_right\u00a0\u00bb title=\u00a0\u00bbCertificazione it-rev\u00a0\u00bb][\/vc_column][\/vc_row][vc_row css_animation=\u00a0\u00bb\u00a0\u00bb row_type=\u00a0\u00bbrow\u00a0\u00bb use_row_as_full_screen_section=\u00a0\u00bbno\u00a0\u00bb type=\u00a0\u00bbfull_width\u00a0\u00bb angled_section=\u00a0\u00bbno\u00a0\u00bb text_align=\u00a0\u00bbleft\u00a0\u00bb background_image_as_pattern=\u00a0\u00bbwithout_pattern\u00a0\u00bb][vc_column][vc_separator type=\u00a0\u00bbnormal\u00a0\u00bb thickness=\u00a0\u00bb1&Prime; up=\u00a0\u00bb12&Prime; down=\u00a0\u00bb12&Prime;][\/vc_column][\/vc_row][vc_row css_animation=\u00a0\u00bb\u00a0\u00bb row_type=\u00a0\u00bbrow\u00a0\u00bb use_row_as_full_screen_section=\u00a0\u00bbno\u00a0\u00bb type=\u00a0\u00bbfull_width\u00a0\u00bb angled_section=\u00a0\u00bbno\u00a0\u00bb text_align=\u00a0\u00bbleft\u00a0\u00bb background_image_as_pattern=\u00a0\u00bbwithout_pattern\u00a0\u00bb][vc_column width=\u00a0\u00bb1\/2&Prime;][vc_column_text]<\/p>\n<p style=\"text-align: center;\">Nous sommes \u00e9galement en possession de la certification Soa afin de participer \u00e0 des appels d&rsquo;offres publics<\/p>\n<p>[\/vc_column_text][\/vc_column][vc_column width=\u00a0\u00bb1\/2&Prime;][vc_single_image image=\u00a0\u00bb1785&Prime; img_size=\u00a0\u00bb300&#215;425&Prime; alignment=\u00a0\u00bbcenter\u00a0\u00bb style=\u00a0\u00bbvc_box_rounded\u00a0\u00bb onclick=\u00a0\u00bbcustom_link\u00a0\u00bb img_link_target=\u00a0\u00bb_blank\u00a0\u00bb qode_css_animation=\u00a0\u00bbelement_from_right\u00a0\u00bb title=\u00a0\u00bbCertification Soa\u00a0\u00bb link=\u00a0\u00bb\/wp-content\/uploads\/2025\/02\/Attestato-Bentley-Soa-2023.png\u00a0\u00bb][\/vc_column][\/vc_row][vc_row css_animation=\u00a0\u00bb\u00a0\u00bb row_type=\u00a0\u00bbrow\u00a0\u00bb use_row_as_full_screen_section=\u00a0\u00bbno\u00a0\u00bb type=\u00a0\u00bbfull_width\u00a0\u00bb angled_section=\u00a0\u00bbno\u00a0\u00bb text_align=\u00a0\u00bbleft\u00a0\u00bb background_image_as_pattern=\u00a0\u00bbwithout_pattern\u00a0\u00bb][vc_column][vc_separator type=\u00a0\u00bbnormal\u00a0\u00bb thickness=\u00a0\u00bb1&Prime; up=\u00a0\u00bb12&Prime; down=\u00a0\u00bb12&Prime;][\/vc_column][\/vc_row]<\/p>\n<\/div>","protected":false},"excerpt":{"rendered":"<p>[vc_row css_animation=\u00a0\u00bb\u00a0\u00bb row_type=\u00a0\u00bbrow\u00a0\u00bb use_row_as_full_screen_section=\u00a0\u00bbno\u00a0\u00bb type=\u00a0\u00bbfull_width\u00a0\u00bb angled_section=\u00a0\u00bbno\u00a0\u00bb text_align=\u00a0\u00bbleft\u00a0\u00bb background_image_as_pattern=\u00a0\u00bbwithout_pattern\u00a0\u00bb][vc_column width=\u00a0\u00bb1\/2&Prime;][vc_column_text css=\u00a0\u00bb.vc_custom_1738745365755{margin-bottom:&#8230;<\/p>\n","protected":false},"author":1,"featured_media":0,"parent":0,"menu_order":0,"comment_status":"closed","ping_status":"closed","template":"","meta":{"footnotes":""},"class_list":["post-1164","page","type-page","status-publish","hentry"],"yoast_head":"<!-- This site is optimized with the Yoast SEO plugin v27.5 - https:\/\/yoast.com\/product\/yoast-seo-wordpress\/ -->\n<title>Certifications de qualit\u00e9 Globe<\/title>\n<meta name=\"description\" content=\"Chaque \u00e9tape de la fabrication d\u2019un meuble, d\u2019une fen\u00eatre, d\u2019une porte ou de tous vos besoins constructif, est suivi minutieusement et avec la plus grande pr\u00e9cision. Cette mise au point, combin\u00e9 avec le contr\u00f4le qualit\u00e9 de gestion UNI En ISO 9001:2015 fait que nos produits sont r\u00e9alis\u00e9s avec amour artisanal et pr\u00e9cision.\" \/>\n<meta name=\"robots\" content=\"index, follow, max-snippet:-1, max-image-preview:large, max-video-preview:-1\" \/>\n<link rel=\"canonical\" href=\"https:\/\/www.paganisnc.it\/certificazioni\/\" \/>\n<meta property=\"og:locale\" content=\"fr_FR\" \/>\n<meta property=\"og:type\" content=\"article\" \/>\n<meta property=\"og:title\" content=\"Certifications de qualit\u00e9 Globe\" \/>\n<meta property=\"og:description\" content=\"Chaque \u00e9tape de la fabrication d\u2019un meuble, d\u2019une fen\u00eatre, d\u2019une porte ou de tous vos besoins constructif, est suivi minutieusement et avec la plus grande pr\u00e9cision. Cette mise au point, combin\u00e9 avec le contr\u00f4le qualit\u00e9 de gestion UNI En ISO 9001:2015 fait que nos produits sont r\u00e9alis\u00e9s avec amour artisanal et pr\u00e9cision.\" \/>\n<meta property=\"og:url\" content=\"https:\/\/www.paganisnc.it\/certificazioni\/\" \/>\n<meta property=\"og:site_name\" content=\"Pagani Falegnameria srl\" \/>\n<meta property=\"article:publisher\" content=\"https:\/\/www.instagram\/falegnameria_pagani\" \/>\n<meta property=\"article:modified_time\" content=\"2025-02-06T08:19:32+00:00\" \/>\n<meta property=\"og:image\" content=\"https:\/\/www.paganisnc.it\/wp-content\/uploads\/2025\/02\/Nuovo-logo-Globe.png\" \/>\n<meta name=\"twitter:card\" content=\"summary_large_image\" \/>\n<meta name=\"twitter:label1\" content=\"Dur\u00e9e de lecture estim\u00e9e\" \/>\n\t<meta name=\"twitter:data1\" content=\"2 minutes\" \/>\n<script type=\"application\/ld+json\" class=\"yoast-schema-graph\">{\"@context\":\"https:\\\/\\\/schema.org\",\"@graph\":[{\"@type\":\"WebPage\",\"@id\":\"https:\\\/\\\/www.paganisnc.it\\\/certificazioni\\\/\",\"url\":\"https:\\\/\\\/www.paganisnc.it\\\/certificazioni\\\/\",\"name\":\"Certifications de qualit\u00e9 Globe\",\"isPartOf\":{\"@id\":\"https:\\\/\\\/www.paganisnc.it\\\/#website\"},\"primaryImageOfPage\":{\"@id\":\"https:\\\/\\\/www.paganisnc.it\\\/certificazioni\\\/#primaryimage\"},\"image\":{\"@id\":\"https:\\\/\\\/www.paganisnc.it\\\/certificazioni\\\/#primaryimage\"},\"thumbnailUrl\":\"https:\\\/\\\/www.paganisnc.it\\\/wp-content\\\/uploads\\\/2025\\\/02\\\/Nuovo-logo-Globe.png\",\"datePublished\":\"2015-06-26T13:36:06+00:00\",\"dateModified\":\"2025-02-06T08:19:32+00:00\",\"description\":\"Chaque \u00e9tape de la fabrication d\u2019un meuble, d\u2019une fen\u00eatre, d\u2019une porte ou de tous vos besoins constructif, est suivi minutieusement et avec la plus grande pr\u00e9cision. Cette mise au point, combin\u00e9 avec le contr\u00f4le qualit\u00e9 de gestion UNI En ISO 9001:2015 fait que nos produits sont r\u00e9alis\u00e9s avec amour artisanal et pr\u00e9cision.\",\"breadcrumb\":{\"@id\":\"https:\\\/\\\/www.paganisnc.it\\\/certificazioni\\\/#breadcrumb\"},\"inLanguage\":\"fr-FR\",\"potentialAction\":[{\"@type\":\"ReadAction\",\"target\":[\"https:\\\/\\\/www.paganisnc.it\\\/certificazioni\\\/\"]}]},{\"@type\":\"ImageObject\",\"inLanguage\":\"fr-FR\",\"@id\":\"https:\\\/\\\/www.paganisnc.it\\\/certificazioni\\\/#primaryimage\",\"url\":\"https:\\\/\\\/www.paganisnc.it\\\/wp-content\\\/uploads\\\/2025\\\/02\\\/Nuovo-logo-Globe.png\",\"contentUrl\":\"https:\\\/\\\/www.paganisnc.it\\\/wp-content\\\/uploads\\\/2025\\\/02\\\/Nuovo-logo-Globe.png\"},{\"@type\":\"BreadcrumbList\",\"@id\":\"https:\\\/\\\/www.paganisnc.it\\\/certificazioni\\\/#breadcrumb\",\"itemListElement\":[{\"@type\":\"ListItem\",\"position\":1,\"name\":\"Home\",\"item\":\"https:\\\/\\\/www.paganisnc.it\\\/fr\\\/\"},{\"@type\":\"ListItem\",\"position\":2,\"name\":\"Certifications\"}]},{\"@type\":\"WebSite\",\"@id\":\"https:\\\/\\\/www.paganisnc.it\\\/#website\",\"url\":\"https:\\\/\\\/www.paganisnc.it\\\/\",\"name\":\"Pagani Falegnameria - Aymavilles Aosta\",\"description\":\"La Qualit\u00e9 et la Passion pour le Bois\",\"publisher\":{\"@id\":\"https:\\\/\\\/www.paganisnc.it\\\/#organization\"},\"potentialAction\":[{\"@type\":\"SearchAction\",\"target\":{\"@type\":\"EntryPoint\",\"urlTemplate\":\"https:\\\/\\\/www.paganisnc.it\\\/?s={search_term_string}\"},\"query-input\":{\"@type\":\"PropertyValueSpecification\",\"valueRequired\":true,\"valueName\":\"search_term_string\"}}],\"inLanguage\":\"fr-FR\"},{\"@type\":\"Organization\",\"@id\":\"https:\\\/\\\/www.paganisnc.it\\\/#organization\",\"name\":\"Falegnameria Pagani\",\"url\":\"https:\\\/\\\/www.paganisnc.it\\\/\",\"logo\":{\"@type\":\"ImageObject\",\"inLanguage\":\"fr-FR\",\"@id\":\"https:\\\/\\\/www.paganisnc.it\\\/#\\\/schema\\\/logo\\\/image\\\/\",\"url\":\"https:\\\/\\\/www.paganisnc.it\\\/wp-content\\\/uploads\\\/2016\\\/05\\\/Pagani-logo.png\",\"contentUrl\":\"https:\\\/\\\/www.paganisnc.it\\\/wp-content\\\/uploads\\\/2016\\\/05\\\/Pagani-logo.png\",\"width\":206,\"height\":82,\"caption\":\"Falegnameria Pagani\"},\"image\":{\"@id\":\"https:\\\/\\\/www.paganisnc.it\\\/#\\\/schema\\\/logo\\\/image\\\/\"},\"sameAs\":[\"https:\\\/\\\/www.instagram\\\/falegnameria_pagani\"]}]}<\/script>\n<!-- \/ Yoast SEO plugin. -->","yoast_head_json":{"title":"Certifications de qualit\u00e9 Globe","description":"Chaque \u00e9tape de la fabrication d\u2019un meuble, d\u2019une fen\u00eatre, d\u2019une porte ou de tous vos besoins constructif, est suivi minutieusement et avec la plus grande pr\u00e9cision. Cette mise au point, combin\u00e9 avec le contr\u00f4le qualit\u00e9 de gestion UNI En ISO 9001:2015 fait que nos produits sont r\u00e9alis\u00e9s avec amour artisanal et pr\u00e9cision.","robots":{"index":"index","follow":"follow","max-snippet":"max-snippet:-1","max-image-preview":"max-image-preview:large","max-video-preview":"max-video-preview:-1"},"canonical":"https:\/\/www.paganisnc.it\/certificazioni\/","og_locale":"fr_FR","og_type":"article","og_title":"Certifications de qualit\u00e9 Globe","og_description":"Chaque \u00e9tape de la fabrication d\u2019un meuble, d\u2019une fen\u00eatre, d\u2019une porte ou de tous vos besoins constructif, est suivi minutieusement et avec la plus grande pr\u00e9cision. Cette mise au point, combin\u00e9 avec le contr\u00f4le qualit\u00e9 de gestion UNI En ISO 9001:2015 fait que nos produits sont r\u00e9alis\u00e9s avec amour artisanal et pr\u00e9cision.","og_url":"https:\/\/www.paganisnc.it\/certificazioni\/","og_site_name":"Pagani Falegnameria srl","article_publisher":"https:\/\/www.instagram\/falegnameria_pagani","article_modified_time":"2025-02-06T08:19:32+00:00","og_image":[{"url":"https:\/\/www.paganisnc.it\/wp-content\/uploads\/2025\/02\/Nuovo-logo-Globe.png","type":"","width":"","height":""}],"twitter_card":"summary_large_image","twitter_misc":{"Dur\u00e9e de lecture estim\u00e9e":"2 minutes"},"schema":{"@context":"https:\/\/schema.org","@graph":[{"@type":"WebPage","@id":"https:\/\/www.paganisnc.it\/certificazioni\/","url":"https:\/\/www.paganisnc.it\/certificazioni\/","name":"Certifications de qualit\u00e9 Globe","isPartOf":{"@id":"https:\/\/www.paganisnc.it\/#website"},"primaryImageOfPage":{"@id":"https:\/\/www.paganisnc.it\/certificazioni\/#primaryimage"},"image":{"@id":"https:\/\/www.paganisnc.it\/certificazioni\/#primaryimage"},"thumbnailUrl":"https:\/\/www.paganisnc.it\/wp-content\/uploads\/2025\/02\/Nuovo-logo-Globe.png","datePublished":"2015-06-26T13:36:06+00:00","dateModified":"2025-02-06T08:19:32+00:00","description":"Chaque \u00e9tape de la fabrication d\u2019un meuble, d\u2019une fen\u00eatre, d\u2019une porte ou de tous vos besoins constructif, est suivi minutieusement et avec la plus grande pr\u00e9cision. Cette mise au point, combin\u00e9 avec le contr\u00f4le qualit\u00e9 de gestion UNI En ISO 9001:2015 fait que nos produits sont r\u00e9alis\u00e9s avec amour artisanal et pr\u00e9cision.","breadcrumb":{"@id":"https:\/\/www.paganisnc.it\/certificazioni\/#breadcrumb"},"inLanguage":"fr-FR","potentialAction":[{"@type":"ReadAction","target":["https:\/\/www.paganisnc.it\/certificazioni\/"]}]},{"@type":"ImageObject","inLanguage":"fr-FR","@id":"https:\/\/www.paganisnc.it\/certificazioni\/#primaryimage","url":"https:\/\/www.paganisnc.it\/wp-content\/uploads\/2025\/02\/Nuovo-logo-Globe.png","contentUrl":"https:\/\/www.paganisnc.it\/wp-content\/uploads\/2025\/02\/Nuovo-logo-Globe.png"},{"@type":"BreadcrumbList","@id":"https:\/\/www.paganisnc.it\/certificazioni\/#breadcrumb","itemListElement":[{"@type":"ListItem","position":1,"name":"Home","item":"https:\/\/www.paganisnc.it\/fr\/"},{"@type":"ListItem","position":2,"name":"Certifications"}]},{"@type":"WebSite","@id":"https:\/\/www.paganisnc.it\/#website","url":"https:\/\/www.paganisnc.it\/","name":"Pagani Falegnameria - Aymavilles Aosta","description":"La Qualit\u00e9 et la Passion pour le Bois","publisher":{"@id":"https:\/\/www.paganisnc.it\/#organization"},"potentialAction":[{"@type":"SearchAction","target":{"@type":"EntryPoint","urlTemplate":"https:\/\/www.paganisnc.it\/?s={search_term_string}"},"query-input":{"@type":"PropertyValueSpecification","valueRequired":true,"valueName":"search_term_string"}}],"inLanguage":"fr-FR"},{"@type":"Organization","@id":"https:\/\/www.paganisnc.it\/#organization","name":"Falegnameria Pagani","url":"https:\/\/www.paganisnc.it\/","logo":{"@type":"ImageObject","inLanguage":"fr-FR","@id":"https:\/\/www.paganisnc.it\/#\/schema\/logo\/image\/","url":"https:\/\/www.paganisnc.it\/wp-content\/uploads\/2016\/05\/Pagani-logo.png","contentUrl":"https:\/\/www.paganisnc.it\/wp-content\/uploads\/2016\/05\/Pagani-logo.png","width":206,"height":82,"caption":"Falegnameria Pagani"},"image":{"@id":"https:\/\/www.paganisnc.it\/#\/schema\/logo\/image\/"},"sameAs":["https:\/\/www.instagram\/falegnameria_pagani"]}]}},"_links":{"self":[{"href":"https:\/\/www.paganisnc.it\/fr\/wp-json\/wp\/v2\/pages\/1164","targetHints":{"allow":["GET"]}}],"collection":[{"href":"https:\/\/www.paganisnc.it\/fr\/wp-json\/wp\/v2\/pages"}],"about":[{"href":"https:\/\/www.paganisnc.it\/fr\/wp-json\/wp\/v2\/types\/page"}],"author":[{"embeddable":true,"href":"https:\/\/www.paganisnc.it\/fr\/wp-json\/wp\/v2\/users\/1"}],"replies":[{"embeddable":true,"href":"https:\/\/www.paganisnc.it\/fr\/wp-json\/wp\/v2\/comments?post=1164"}],"version-history":[{"count":0,"href":"https:\/\/www.paganisnc.it\/fr\/wp-json\/wp\/v2\/pages\/1164\/revisions"}],"wp:attachment":[{"href":"https:\/\/www.paganisnc.it\/fr\/wp-json\/wp\/v2\/media?parent=1164"}],"curies":[{"name":"wp","href":"https:\/\/api.w.org\/{rel}","templated":true}]}}